{"id":5291,"date":"2022-05-08T14:21:57","date_gmt":"2022-05-08T13:21:57","guid":{"rendered":"https:\/\/www.agrt.cz\/on-line-camera\/"},"modified":"2025-07-01T10:15:11","modified_gmt":"2025-07-01T09:15:11","slug":"on-line-camera","status":"publish","type":"page","link":"https:\/\/www.agrt.cz\/en\/on-line-camera\/","title":{"rendered":"On-line camera"},"content":{"rendered":"\t\t<div data-elementor-type=\"wp-page\" data-elementor-id=\"5291\" class=\"elementor elementor-5291 elementor-22\">\n\t\t\t\t\t\t\t\t\t<section class=\"elementor-section elementor-top-section elementor-element elementor-element-f7bc4b0 elementor-section-stretched elementor-section-boxed elementor-section-height-default elementor-section-height-default\" data-id=\"f7bc4b0\" data-element_type=\"section\" data-settings=\"{&quot;jet_parallax_layout_list&quot;:[],&quot;stretch_section&quot;:&quot;section-stretched&quot;}\">\n\t\t\t\t\t\t<div class=\"elementor-container elementor-column-gap-default\">\n\t\t\t\t\t<div class=\"elementor-column elementor-col-66 elementor-top-column elementor-element elementor-element-d60009e\" data-id=\"d60009e\" data-element_type=\"column\">\n\t\t\t<div class=\"elementor-widget-wrap elementor-element-populated\">\n\t\t\t\t\t\t\t\t<div class=\"elementor-element elementor-element-76d2f6a elementor-widget elementor-widget-heading\" data-id=\"76d2f6a\" data-element_type=\"widget\" data-widget_type=\"heading.default\">\n\t\t\t\t<div class=\"elementor-widget-container\">\n\t\t\t<p class=\"elementor-heading-title elementor-size-default\">live stream<\/p>\t\t<\/div>\n\t\t\t\t<\/div>\n\t\t\t\t<div class=\"elementor-element elementor-element-6931f59 elementor-widget elementor-widget-heading\" data-id=\"6931f59\" data-element_type=\"widget\" data-widget_type=\"heading.default\">\n\t\t\t\t<div class=\"elementor-widget-container\">\n\t\t\t<h1 class=\"elementor-heading-title elementor-size-default\">On-line camera of course<\/h1>\t\t<\/div>\n\t\t\t\t<\/div>\n\t\t\t\t\t<\/div>\n\t\t<\/div>\n\t\t\t\t<div class=\"elementor-column elementor-col-33 elementor-top-column elementor-element elementor-element-2a8f456\" data-id=\"2a8f456\" data-element_type=\"column\">\n\t\t\t<div class=\"elementor-widget-wrap\">\n\t\t\t\t\t\t\t\t\t<\/div>\n\t\t<\/div>\n\t\t\t\t\t\t\t<\/div>\n\t\t<\/section>\n\t\t\t\t<section class=\"elementor-section elementor-top-section elementor-element elementor-element-302db13 elementor-section-stretched elementor-section-boxed elementor-section-height-default elementor-section-height-default\" data-id=\"302db13\" data-element_type=\"section\" data-settings=\"{&quot;jet_parallax_layout_list&quot;:[],&quot;stretch_section&quot;:&quot;section-stretched&quot;}\">\n\t\t\t\t\t\t<div class=\"elementor-container elementor-column-gap-default\">\n\t\t\t\t\t<div class=\"elementor-column elementor-col-100 elementor-top-column elementor-element elementor-element-9fe9cd7\" data-id=\"9fe9cd7\" data-element_type=\"column\">\n\t\t\t<div class=\"elementor-widget-wrap elementor-element-populated\">\n\t\t\t\t\t\t\t\t<div class=\"elementor-element elementor-element-434a051 elementor-hidden-tablet elementor-hidden-mobile elementor-widget elementor-widget-html\" data-id=\"434a051\" data-element_type=\"widget\" data-widget_type=\"html.default\">\n\t\t\t\t<div class=\"elementor-widget-container\">\n\t\t\t<iframe src=\"\/\/player.smartcams.cz\/default.aspx?id=F4FB04AC-FDB3-41DB-B68E-C519C566259C\" scrolling=\"no\" style=\"border: none; width:100%; height: 700px;\" id=\"LBXplayer\" mozallowfullscreen=\"\" webkitallowfullscreen=\"\" allowfullscreen=\"\">&lt;\/a&gt;<\/iframe>\t\t<\/div>\n\t\t\t\t<\/div>\n\t\t\t\t<div class=\"elementor-element elementor-element-4e1de3a elementor-hidden-desktop elementor-hidden-laptop elementor-widget elementor-widget-html\" data-id=\"4e1de3a\" data-element_type=\"widget\" data-widget_type=\"html.default\">\n\t\t\t\t<div class=\"elementor-widget-container\">\n\t\t\t<iframe src=\"\/\/player.smartcams.cz\/default.aspx?id=F4FB04AC-FDB3-41DB-B68E-C519C566259C\" scrolling=\"no\" style=\"border: none; width:100%; height: 400px;\" id=\"LBXplayer\" mozallowfullscreen=\"\" webkitallowfullscreen=\"\" allowfullscreen=\"\">&lt;\/a&gt;<\/iframe>\t\t<\/div>\n\t\t\t\t<\/div>\n\t\t\t\t\t<\/div>\n\t\t<\/div>\n\t\t\t\t\t\t\t<\/div>\n\t\t<\/section>\n\t\t\t\t\t\t\t<\/div>\n\t\t","protected":false},"excerpt":{"rendered":"<p>live stream On-line camera of course &lt;\/a&gt; &lt;\/a&gt;<\/p>\n","protected":false},"author":1,"featured_media":0,"parent":0,"menu_order":0,"comment_status":"closed","ping_status":"closed","template":"","meta":{"inline_featured_image":false},"yoast_head":"<!-- This site is optimized with the Yoast SEO plugin v19.9 - https:\/\/yoast.com\/wordpress\/plugins\/seo\/ -->\n<title>On-line camera - Austerlitz Golf Resort<\/title>\n<meta name=\"robots\" content=\"index, follow, max-snippet:-1, max-image-preview:large, max-video-preview:-1\" \/>\n<link rel=\"canonical\" href=\"https:\/\/www.agrt.cz\/en\/on-line-camera\/\" \/>\n<meta property=\"og:locale\" content=\"en_US\" \/>\n<meta property=\"og:type\" content=\"article\" \/>\n<meta property=\"og:title\" content=\"On-line camera - Austerlitz Golf Resort\" \/>\n<meta property=\"og:description\" content=\"live stream On-line camera of course &lt;\/a&gt; &lt;\/a&gt;\" \/>\n<meta property=\"og:url\" content=\"https:\/\/www.agrt.cz\/en\/on-line-camera\/\" \/>\n<meta property=\"og:site_name\" content=\"Austerlitz Golf Resort\" \/>\n<meta property=\"article:publisher\" content=\"https:\/\/www.facebook.com\/Austerlitz-GOLF-Resort-1501388506806578\/\" \/>\n<meta property=\"article:modified_time\" content=\"2025-07-01T09:15:11+00:00\" \/>\n<meta name=\"twitter:card\" content=\"summary_large_image\" \/>\n<meta name=\"twitter:label1\" content=\"Est. reading time\" \/>\n\t<meta name=\"twitter:data1\" content=\"1 minute\" \/>\n<script type=\"application\/ld+json\" class=\"yoast-schema-graph\">{\"@context\":\"https:\/\/schema.org\",\"@graph\":[{\"@type\":\"WebPage\",\"@id\":\"https:\/\/www.agrt.cz\/en\/on-line-camera\/\",\"url\":\"https:\/\/www.agrt.cz\/en\/on-line-camera\/\",\"name\":\"On-line camera - Austerlitz Golf Resort\",\"isPartOf\":{\"@id\":\"https:\/\/www.agrt.cz\/en\/#website\"},\"datePublished\":\"2022-05-08T13:21:57+00:00\",\"dateModified\":\"2025-07-01T09:15:11+00:00\",\"breadcrumb\":{\"@id\":\"https:\/\/www.agrt.cz\/en\/on-line-camera\/#breadcrumb\"},\"inLanguage\":\"en-US\",\"potentialAction\":[{\"@type\":\"ReadAction\",\"target\":[\"https:\/\/www.agrt.cz\/en\/on-line-camera\/\"]}]},{\"@type\":\"BreadcrumbList\",\"@id\":\"https:\/\/www.agrt.cz\/en\/on-line-camera\/#breadcrumb\",\"itemListElement\":[{\"@type\":\"ListItem\",\"position\":1,\"name\":\"Dom\u016f\",\"item\":\"https:\/\/www.agrt.cz\/en\/\"},{\"@type\":\"ListItem\",\"position\":2,\"name\":\"On-line camera\"}]},{\"@type\":\"WebSite\",\"@id\":\"https:\/\/www.agrt.cz\/en\/#website\",\"url\":\"https:\/\/www.agrt.cz\/en\/\",\"name\":\"Austerlitz Golf Resort\",\"description\":\"Sportovn\u00ed a technick\u00e9 h\u0159i\u0161t\u011b je obt\u00ed\u017en\u00e9 a zaj\u00edmav\u00e9 p\u0159\u00edrodn\u00edmi p\u0159ek\u00e1\u017ekami, hlubok\u00fdmi bankry a um\u011ble vybudovan\u00fdmi vodn\u00edmi plochami.\",\"publisher\":{\"@id\":\"https:\/\/www.agrt.cz\/en\/#organization\"},\"potentialAction\":[{\"@type\":\"SearchAction\",\"target\":{\"@type\":\"EntryPoint\",\"urlTemplate\":\"https:\/\/www.agrt.cz\/en\/?s={search_term_string}\"},\"query-input\":\"required name=search_term_string\"}],\"inLanguage\":\"en-US\"},{\"@type\":\"Organization\",\"@id\":\"https:\/\/www.agrt.cz\/en\/#organization\",\"name\":\"Austerlitz Golf Resort\",\"url\":\"https:\/\/www.agrt.cz\/en\/\",\"logo\":{\"@type\":\"ImageObject\",\"inLanguage\":\"en-US\",\"@id\":\"https:\/\/www.agrt.cz\/en\/#\/schema\/logo\/image\/\",\"url\":\"https:\/\/www.agrt.cz\/wp-content\/uploads\/2022\/07\/logo-austerlitz-golf-resort_all_v2.svg\",\"contentUrl\":\"https:\/\/www.agrt.cz\/wp-content\/uploads\/2022\/07\/logo-austerlitz-golf-resort_all_v2.svg\",\"width\":165.7597,\"height\":72.1672,\"caption\":\"Austerlitz Golf Resort\"},\"image\":{\"@id\":\"https:\/\/www.agrt.cz\/en\/#\/schema\/logo\/image\/\"},\"sameAs\":[\"https:\/\/www.instagram.com\/austerlitz_golf_resort\/\",\"https:\/\/www.facebook.com\/Austerlitz-GOLF-Resort-1501388506806578\/\"]}]}<\/script>\n<!-- \/ Yoast SEO plugin. -->","yoast_head_json":{"title":"On-line camera - Austerlitz Golf Resort","robots":{"index":"index","follow":"follow","max-snippet":"max-snippet:-1","max-image-preview":"max-image-preview:large","max-video-preview":"max-video-preview:-1"},"canonical":"https:\/\/www.agrt.cz\/en\/on-line-camera\/","og_locale":"en_US","og_type":"article","og_title":"On-line camera - Austerlitz Golf Resort","og_description":"live stream On-line camera of course &lt;\/a&gt; &lt;\/a&gt;","og_url":"https:\/\/www.agrt.cz\/en\/on-line-camera\/","og_site_name":"Austerlitz Golf Resort","article_publisher":"https:\/\/www.facebook.com\/Austerlitz-GOLF-Resort-1501388506806578\/","article_modified_time":"2025-07-01T09:15:11+00:00","twitter_card":"summary_large_image","twitter_misc":{"Est. reading time":"1 minute"},"schema":{"@context":"https:\/\/schema.org","@graph":[{"@type":"WebPage","@id":"https:\/\/www.agrt.cz\/en\/on-line-camera\/","url":"https:\/\/www.agrt.cz\/en\/on-line-camera\/","name":"On-line camera - Austerlitz Golf Resort","isPartOf":{"@id":"https:\/\/www.agrt.cz\/en\/#website"},"datePublished":"2022-05-08T13:21:57+00:00","dateModified":"2025-07-01T09:15:11+00:00","breadcrumb":{"@id":"https:\/\/www.agrt.cz\/en\/on-line-camera\/#breadcrumb"},"inLanguage":"en-US","potentialAction":[{"@type":"ReadAction","target":["https:\/\/www.agrt.cz\/en\/on-line-camera\/"]}]},{"@type":"BreadcrumbList","@id":"https:\/\/www.agrt.cz\/en\/on-line-camera\/#breadcrumb","itemListElement":[{"@type":"ListItem","position":1,"name":"Dom\u016f","item":"https:\/\/www.agrt.cz\/en\/"},{"@type":"ListItem","position":2,"name":"On-line camera"}]},{"@type":"WebSite","@id":"https:\/\/www.agrt.cz\/en\/#website","url":"https:\/\/www.agrt.cz\/en\/","name":"Austerlitz Golf Resort","description":"Sportovn\u00ed a technick\u00e9 h\u0159i\u0161t\u011b je obt\u00ed\u017en\u00e9 a zaj\u00edmav\u00e9 p\u0159\u00edrodn\u00edmi p\u0159ek\u00e1\u017ekami, hlubok\u00fdmi bankry a um\u011ble vybudovan\u00fdmi vodn\u00edmi plochami.","publisher":{"@id":"https:\/\/www.agrt.cz\/en\/#organization"},"potentialAction":[{"@type":"SearchAction","target":{"@type":"EntryPoint","urlTemplate":"https:\/\/www.agrt.cz\/en\/?s={search_term_string}"},"query-input":"required name=search_term_string"}],"inLanguage":"en-US"},{"@type":"Organization","@id":"https:\/\/www.agrt.cz\/en\/#organization","name":"Austerlitz Golf Resort","url":"https:\/\/www.agrt.cz\/en\/","logo":{"@type":"ImageObject","inLanguage":"en-US","@id":"https:\/\/www.agrt.cz\/en\/#\/schema\/logo\/image\/","url":"https:\/\/www.agrt.cz\/wp-content\/uploads\/2022\/07\/logo-austerlitz-golf-resort_all_v2.svg","contentUrl":"https:\/\/www.agrt.cz\/wp-content\/uploads\/2022\/07\/logo-austerlitz-golf-resort_all_v2.svg","width":165.7597,"height":72.1672,"caption":"Austerlitz Golf Resort"},"image":{"@id":"https:\/\/www.agrt.cz\/en\/#\/schema\/logo\/image\/"},"sameAs":["https:\/\/www.instagram.com\/austerlitz_golf_resort\/","https:\/\/www.facebook.com\/Austerlitz-GOLF-Resort-1501388506806578\/"]}]}},"_links":{"self":[{"href":"https:\/\/www.agrt.cz\/en\/wp-json\/wp\/v2\/pages\/5291"}],"collection":[{"href":"https:\/\/www.agrt.cz\/en\/wp-json\/wp\/v2\/pages"}],"about":[{"href":"https:\/\/www.agrt.cz\/en\/wp-json\/wp\/v2\/types\/page"}],"author":[{"embeddable":true,"href":"https:\/\/www.agrt.cz\/en\/wp-json\/wp\/v2\/users\/1"}],"replies":[{"embeddable":true,"href":"https:\/\/www.agrt.cz\/en\/wp-json\/wp\/v2\/comments?post=5291"}],"version-history":[{"count":4,"href":"https:\/\/www.agrt.cz\/en\/wp-json\/wp\/v2\/pages\/5291\/revisions"}],"predecessor-version":[{"id":7970,"href":"https:\/\/www.agrt.cz\/en\/wp-json\/wp\/v2\/pages\/5291\/revisions\/7970"}],"wp:attachment":[{"href":"https:\/\/www.agrt.cz\/en\/wp-json\/wp\/v2\/media?parent=5291"}],"curies":[{"name":"wp","href":"https:\/\/api.w.org\/{rel}","templated":true}]}}