{"id":5403,"date":"2022-05-08T14:21:57","date_gmt":"2022-05-08T13:21:57","guid":{"rendered":"https:\/\/www.agrt.cz\/online-kamera\/"},"modified":"2022-10-15T15:15:34","modified_gmt":"2022-10-15T15:15:34","slug":"online-kamera","status":"publish","type":"page","link":"https:\/\/www.agrt.cz\/de\/online-kamera\/","title":{"rendered":"Online-Kamera"},"content":{"rendered":"\t\t<div data-elementor-type=\"wp-page\" data-elementor-id=\"5403\" class=\"elementor elementor-5403 elementor-22\">\n\t\t\t\t\t\t\t\t\t<section class=\"elementor-section elementor-top-section elementor-element elementor-element-f7bc4b0 elementor-section-stretched elementor-section-boxed elementor-section-height-default elementor-section-height-default\" data-id=\"f7bc4b0\" data-element_type=\"section\" data-settings=\"{&quot;jet_parallax_layout_list&quot;:[],&quot;stretch_section&quot;:&quot;section-stretched&quot;}\">\n\t\t\t\t\t\t<div class=\"elementor-container elementor-column-gap-default\">\n\t\t\t\t\t<div class=\"elementor-column elementor-col-66 elementor-top-column elementor-element elementor-element-d60009e\" data-id=\"d60009e\" data-element_type=\"column\">\n\t\t\t<div class=\"elementor-widget-wrap elementor-element-populated\">\n\t\t\t\t\t\t\t\t<div class=\"elementor-element elementor-element-76d2f6a elementor-widget elementor-widget-heading\" data-id=\"76d2f6a\" data-element_type=\"widget\" data-widget_type=\"heading.default\">\n\t\t\t\t<div class=\"elementor-widget-container\">\n\t\t\t<p class=\"elementor-heading-title elementor-size-default\">Live\u00fcbertragung<\/p>\t\t<\/div>\n\t\t\t\t<\/div>\n\t\t\t\t<div class=\"elementor-element elementor-element-6931f59 elementor-widget elementor-widget-heading\" data-id=\"6931f59\" data-element_type=\"widget\" data-widget_type=\"heading.default\">\n\t\t\t\t<div class=\"elementor-widget-container\">\n\t\t\t<h1 class=\"elementor-heading-title elementor-size-default\">Online-Kamera des Golfplatzes<\/h1>\t\t<\/div>\n\t\t\t\t<\/div>\n\t\t\t\t\t<\/div>\n\t\t<\/div>\n\t\t\t\t<div class=\"elementor-column elementor-col-33 elementor-top-column elementor-element elementor-element-2a8f456\" data-id=\"2a8f456\" data-element_type=\"column\">\n\t\t\t<div class=\"elementor-widget-wrap\">\n\t\t\t\t\t\t\t\t\t<\/div>\n\t\t<\/div>\n\t\t\t\t\t\t\t<\/div>\n\t\t<\/section>\n\t\t\t\t<section class=\"elementor-section elementor-top-section elementor-element elementor-element-302db13 elementor-section-stretched elementor-section-boxed elementor-section-height-default elementor-section-height-default\" data-id=\"302db13\" data-element_type=\"section\" data-settings=\"{&quot;jet_parallax_layout_list&quot;:[],&quot;stretch_section&quot;:&quot;section-stretched&quot;}\">\n\t\t\t\t\t\t<div class=\"elementor-container elementor-column-gap-default\">\n\t\t\t\t\t<div class=\"elementor-column elementor-col-100 elementor-top-column elementor-element elementor-element-9fe9cd7\" data-id=\"9fe9cd7\" data-element_type=\"column\">\n\t\t\t<div class=\"elementor-widget-wrap elementor-element-populated\">\n\t\t\t\t\t\t\t\t<div class=\"elementor-element elementor-element-434a051 elementor-hidden-tablet elementor-hidden-mobile elementor-widget elementor-widget-html\" data-id=\"434a051\" data-element_type=\"widget\" data-widget_type=\"html.default\">\n\t\t\t\t<div class=\"elementor-widget-container\">\n\t\t\t<iframe src=\"\/\/player.smartcams.cz\/default.aspx?id=F4FB04AC-FDB3-41DB-B68E-C519C566259C\" scrolling=\"no\" style=\"border: none; width:100%; height: 700px;\" id=\"LBXplayer\" mozallowfullscreen=\"\" webkitallowfullscreen=\"\" allowfullscreen=\"\">&lt;\/a&gt;<\/iframe>\t\t<\/div>\n\t\t\t\t<\/div>\n\t\t\t\t<div class=\"elementor-element elementor-element-4e1de3a elementor-hidden-desktop elementor-hidden-laptop elementor-widget elementor-widget-html\" data-id=\"4e1de3a\" data-element_type=\"widget\" data-widget_type=\"html.default\">\n\t\t\t\t<div class=\"elementor-widget-container\">\n\t\t\t<iframe src=\"\/\/player.smartcams.cz\/default.aspx?id=F4FB04AC-FDB3-41DB-B68E-C519C566259C\" scrolling=\"no\" style=\"border: none; width:100%; height: 400px;\" id=\"LBXplayer\" mozallowfullscreen=\"\" webkitallowfullscreen=\"\" allowfullscreen=\"\">&lt;\/a&gt;<\/iframe>\t\t<\/div>\n\t\t\t\t<\/div>\n\t\t\t\t\t<\/div>\n\t\t<\/div>\n\t\t\t\t\t\t\t<\/div>\n\t\t<\/section>\n\t\t\t\t\t\t\t<\/div>\n\t\t","protected":false},"excerpt":{"rendered":"<p>Live\u00fcbertragung Online-Kamera des Golfplatzes &lt;\/a&gt; &lt;\/a&gt;<\/p>\n","protected":false},"author":1,"featured_media":0,"parent":0,"menu_order":0,"comment_status":"closed","ping_status":"closed","template":"","meta":{"inline_featured_image":false},"yoast_head":"<!-- This site is optimized with the Yoast SEO plugin v19.9 - https:\/\/yoast.com\/wordpress\/plugins\/seo\/ -->\n<title>Online-Kamera - Austerlitz Golf Resort<\/title>\n<meta name=\"robots\" content=\"index, follow, max-snippet:-1, max-image-preview:large, max-video-preview:-1\" \/>\n<link rel=\"canonical\" href=\"https:\/\/www.agrt.cz\/de\/online-kamera\/\" \/>\n<meta property=\"og:locale\" content=\"de_DE\" \/>\n<meta property=\"og:type\" content=\"article\" \/>\n<meta property=\"og:title\" content=\"Online-Kamera - Austerlitz Golf Resort\" \/>\n<meta property=\"og:description\" content=\"Live\u00fcbertragung Online-Kamera des Golfplatzes &lt;\/a&gt; &lt;\/a&gt;\" \/>\n<meta property=\"og:url\" content=\"https:\/\/www.agrt.cz\/de\/online-kamera\/\" \/>\n<meta property=\"og:site_name\" content=\"Austerlitz Golf Resort\" \/>\n<meta property=\"article:publisher\" content=\"https:\/\/www.facebook.com\/Austerlitz-GOLF-Resort-1501388506806578\/\" \/>\n<meta property=\"article:modified_time\" content=\"2022-10-15T15:15:34+00:00\" \/>\n<meta name=\"twitter:card\" content=\"summary_large_image\" \/>\n<script type=\"application\/ld+json\" class=\"yoast-schema-graph\">{\"@context\":\"https:\/\/schema.org\",\"@graph\":[{\"@type\":\"WebPage\",\"@id\":\"https:\/\/www.agrt.cz\/de\/online-kamera\/\",\"url\":\"https:\/\/www.agrt.cz\/de\/online-kamera\/\",\"name\":\"Online-Kamera - Austerlitz Golf Resort\",\"isPartOf\":{\"@id\":\"https:\/\/www.agrt.cz\/de\/#website\"},\"datePublished\":\"2022-05-08T13:21:57+00:00\",\"dateModified\":\"2022-10-15T15:15:34+00:00\",\"breadcrumb\":{\"@id\":\"https:\/\/www.agrt.cz\/de\/online-kamera\/#breadcrumb\"},\"inLanguage\":\"de\",\"potentialAction\":[{\"@type\":\"ReadAction\",\"target\":[\"https:\/\/www.agrt.cz\/de\/online-kamera\/\"]}]},{\"@type\":\"BreadcrumbList\",\"@id\":\"https:\/\/www.agrt.cz\/de\/online-kamera\/#breadcrumb\",\"itemListElement\":[{\"@type\":\"ListItem\",\"position\":1,\"name\":\"Dom\u016f\",\"item\":\"https:\/\/www.agrt.cz\/de\/\"},{\"@type\":\"ListItem\",\"position\":2,\"name\":\"Online-Kamera\"}]},{\"@type\":\"WebSite\",\"@id\":\"https:\/\/www.agrt.cz\/de\/#website\",\"url\":\"https:\/\/www.agrt.cz\/de\/\",\"name\":\"Austerlitz Golf Resort\",\"description\":\"Sportovn\u00ed a technick\u00e9 h\u0159i\u0161t\u011b je obt\u00ed\u017en\u00e9 a zaj\u00edmav\u00e9 p\u0159\u00edrodn\u00edmi p\u0159ek\u00e1\u017ekami, hlubok\u00fdmi bankry a um\u011ble vybudovan\u00fdmi vodn\u00edmi plochami.\",\"publisher\":{\"@id\":\"https:\/\/www.agrt.cz\/de\/#organization\"},\"potentialAction\":[{\"@type\":\"SearchAction\",\"target\":{\"@type\":\"EntryPoint\",\"urlTemplate\":\"https:\/\/www.agrt.cz\/de\/?s={search_term_string}\"},\"query-input\":\"required name=search_term_string\"}],\"inLanguage\":\"de\"},{\"@type\":\"Organization\",\"@id\":\"https:\/\/www.agrt.cz\/de\/#organization\",\"name\":\"Austerlitz Golf Resort\",\"url\":\"https:\/\/www.agrt.cz\/de\/\",\"logo\":{\"@type\":\"ImageObject\",\"inLanguage\":\"de\",\"@id\":\"https:\/\/www.agrt.cz\/de\/#\/schema\/logo\/image\/\",\"url\":\"https:\/\/www.agrt.cz\/wp-content\/uploads\/2022\/07\/logo-austerlitz-golf-resort_all_v2.svg\",\"contentUrl\":\"https:\/\/www.agrt.cz\/wp-content\/uploads\/2022\/07\/logo-austerlitz-golf-resort_all_v2.svg\",\"width\":165.7597,\"height\":72.1672,\"caption\":\"Austerlitz Golf Resort\"},\"image\":{\"@id\":\"https:\/\/www.agrt.cz\/de\/#\/schema\/logo\/image\/\"},\"sameAs\":[\"https:\/\/www.instagram.com\/austerlitz_golf_resort\/\",\"https:\/\/www.facebook.com\/Austerlitz-GOLF-Resort-1501388506806578\/\"]}]}<\/script>\n<!-- \/ Yoast SEO plugin. -->","yoast_head_json":{"title":"Online-Kamera - Austerlitz Golf Resort","robots":{"index":"index","follow":"follow","max-snippet":"max-snippet:-1","max-image-preview":"max-image-preview:large","max-video-preview":"max-video-preview:-1"},"canonical":"https:\/\/www.agrt.cz\/de\/online-kamera\/","og_locale":"de_DE","og_type":"article","og_title":"Online-Kamera - Austerlitz Golf Resort","og_description":"Live\u00fcbertragung Online-Kamera des Golfplatzes &lt;\/a&gt; &lt;\/a&gt;","og_url":"https:\/\/www.agrt.cz\/de\/online-kamera\/","og_site_name":"Austerlitz Golf Resort","article_publisher":"https:\/\/www.facebook.com\/Austerlitz-GOLF-Resort-1501388506806578\/","article_modified_time":"2022-10-15T15:15:34+00:00","twitter_card":"summary_large_image","schema":{"@context":"https:\/\/schema.org","@graph":[{"@type":"WebPage","@id":"https:\/\/www.agrt.cz\/de\/online-kamera\/","url":"https:\/\/www.agrt.cz\/de\/online-kamera\/","name":"Online-Kamera - Austerlitz Golf Resort","isPartOf":{"@id":"https:\/\/www.agrt.cz\/de\/#website"},"datePublished":"2022-05-08T13:21:57+00:00","dateModified":"2022-10-15T15:15:34+00:00","breadcrumb":{"@id":"https:\/\/www.agrt.cz\/de\/online-kamera\/#breadcrumb"},"inLanguage":"de","potentialAction":[{"@type":"ReadAction","target":["https:\/\/www.agrt.cz\/de\/online-kamera\/"]}]},{"@type":"BreadcrumbList","@id":"https:\/\/www.agrt.cz\/de\/online-kamera\/#breadcrumb","itemListElement":[{"@type":"ListItem","position":1,"name":"Dom\u016f","item":"https:\/\/www.agrt.cz\/de\/"},{"@type":"ListItem","position":2,"name":"Online-Kamera"}]},{"@type":"WebSite","@id":"https:\/\/www.agrt.cz\/de\/#website","url":"https:\/\/www.agrt.cz\/de\/","name":"Austerlitz Golf Resort","description":"Sportovn\u00ed a technick\u00e9 h\u0159i\u0161t\u011b je obt\u00ed\u017en\u00e9 a zaj\u00edmav\u00e9 p\u0159\u00edrodn\u00edmi p\u0159ek\u00e1\u017ekami, hlubok\u00fdmi bankry a um\u011ble vybudovan\u00fdmi vodn\u00edmi plochami.","publisher":{"@id":"https:\/\/www.agrt.cz\/de\/#organization"},"potentialAction":[{"@type":"SearchAction","target":{"@type":"EntryPoint","urlTemplate":"https:\/\/www.agrt.cz\/de\/?s={search_term_string}"},"query-input":"required name=search_term_string"}],"inLanguage":"de"},{"@type":"Organization","@id":"https:\/\/www.agrt.cz\/de\/#organization","name":"Austerlitz Golf Resort","url":"https:\/\/www.agrt.cz\/de\/","logo":{"@type":"ImageObject","inLanguage":"de","@id":"https:\/\/www.agrt.cz\/de\/#\/schema\/logo\/image\/","url":"https:\/\/www.agrt.cz\/wp-content\/uploads\/2022\/07\/logo-austerlitz-golf-resort_all_v2.svg","contentUrl":"https:\/\/www.agrt.cz\/wp-content\/uploads\/2022\/07\/logo-austerlitz-golf-resort_all_v2.svg","width":165.7597,"height":72.1672,"caption":"Austerlitz Golf Resort"},"image":{"@id":"https:\/\/www.agrt.cz\/de\/#\/schema\/logo\/image\/"},"sameAs":["https:\/\/www.instagram.com\/austerlitz_golf_resort\/","https:\/\/www.facebook.com\/Austerlitz-GOLF-Resort-1501388506806578\/"]}]}},"_links":{"self":[{"href":"https:\/\/www.agrt.cz\/de\/wp-json\/wp\/v2\/pages\/5403"}],"collection":[{"href":"https:\/\/www.agrt.cz\/de\/wp-json\/wp\/v2\/pages"}],"about":[{"href":"https:\/\/www.agrt.cz\/de\/wp-json\/wp\/v2\/types\/page"}],"author":[{"embeddable":true,"href":"https:\/\/www.agrt.cz\/de\/wp-json\/wp\/v2\/users\/1"}],"replies":[{"embeddable":true,"href":"https:\/\/www.agrt.cz\/de\/wp-json\/wp\/v2\/comments?post=5403"}],"version-history":[{"count":1,"href":"https:\/\/www.agrt.cz\/de\/wp-json\/wp\/v2\/pages\/5403\/revisions"}],"predecessor-version":[{"id":5404,"href":"https:\/\/www.agrt.cz\/de\/wp-json\/wp\/v2\/pages\/5403\/revisions\/5404"}],"wp:attachment":[{"href":"https:\/\/www.agrt.cz\/de\/wp-json\/wp\/v2\/media?parent=5403"}],"curies":[{"name":"wp","href":"https:\/\/api.w.org\/{rel}","templated":true}]}}